{"id":4679,"date":"2026-02-06T18:09:55","date_gmt":"2026-02-06T18:09:55","guid":{"rendered":"https:\/\/www.studioartspot.com\/dev\/shop-fima\/?post_type=product&#038;p=4679"},"modified":"2026-02-20T08:37:38","modified_gmt":"2026-02-20T08:37:38","slug":"eps-termoizolacione-ploce-ff-5cm","status":"publish","type":"product","link":"https:\/\/www.studioartspot.com\/dev\/shop-fima\/proizvod\/eps-termoizolacione-ploce-ff-5cm\/","title":{"rendered":"EPS termoizolacione plo\u010de  FF 5cm"},"content":{"rendered":"<p>EPS (ekspandirane polistirenske termoizolacione plo\u010de) za izolaciju krova, tavanske plo\u010de, sendvi\u010d zidova i sli\u010dno. Ova vrsta stiropora ima \u0161iroku primenu u gra\u0111evini kao i za izolaciju fasada.<\/p>\n<p>Pritisna c\u030cvrstoc\u0301a CS(10)60 EN 826<\/p>\n<p>Toplotna provodljivost 0,037 W\/mK EN 12667<\/p>\n<p>Cena se odnosi na m<sup>2<\/sup>.<\/p>\n","protected":false},"excerpt":{"rendered":"<p>Dimenzije: 100cm X 50cm<\/p>\n<p>Napomena: Tro\u0161kovi isporuke mogu varirati srazmerno koli\u010dini i te\u017eini paketa. Cena se mo\u017ee korigovati zavisno od koli\u010dine.<\/p>\n","protected":false},"featured_media":4721,"template":"","meta":[],"product_brand":[],"product_cat":[67,117,73],"product_tag":[69,72,70],"class_list":{"0":"post-4679","1":"product","2":"type-product","3":"status-publish","4":"has-post-thumbnail","6":"product_cat-termoizolacija","7":"product_cat-izolacija-krova","8":"product_cat-komplet-fasada","9":"product_tag-podno-grejanje","10":"product_tag-stiro-flips","11":"product_tag-termoizolacija","12":"product_shipping_class-100m2","14":"first","15":"instock","16":"taxable","17":"shipping-taxable","18":"purchasable","19":"product-type-simple"},"_links":{"self":[{"href":"https:\/\/www.studioartspot.com\/dev\/shop-fima\/wp-json\/wp\/v2\/product\/4679","targetHints":{"allow":["GET"]}}],"collection":[{"href":"https:\/\/www.studioartspot.com\/dev\/shop-fima\/wp-json\/wp\/v2\/product"}],"about":[{"href":"https:\/\/www.studioartspot.com\/dev\/shop-fima\/wp-json\/wp\/v2\/types\/product"}],"wp:featuredmedia":[{"embeddable":true,"href":"https:\/\/www.studioartspot.com\/dev\/shop-fima\/wp-json\/wp\/v2\/media\/4721"}],"wp:attachment":[{"href":"https:\/\/www.studioartspot.com\/dev\/shop-fima\/wp-json\/wp\/v2\/media?parent=4679"}],"wp:term":[{"taxonomy":"product_brand","embeddable":true,"href":"https:\/\/www.studioartspot.com\/dev\/shop-fima\/wp-json\/wp\/v2\/product_brand?post=4679"},{"taxonomy":"product_cat","embeddable":true,"href":"https:\/\/www.studioartspot.com\/dev\/shop-fima\/wp-json\/wp\/v2\/product_cat?post=4679"},{"taxonomy":"product_tag","embeddable":true,"href":"https:\/\/www.studioartspot.com\/dev\/shop-fima\/wp-json\/wp\/v2\/product_tag?post=4679"}],"curies":[{"name":"wp","href":"https:\/\/api.w.org\/{rel}","templated":true}]}}