{"id":4676,"date":"2026-02-06T18:09:55","date_gmt":"2026-02-06T18:09:55","guid":{"rendered":"https:\/\/www.studioartspot.com\/dev\/shop-fima\/?post_type=product&#038;p=4676"},"modified":"2026-02-06T18:11:26","modified_gmt":"2026-02-06T18:11:26","slug":"ivicna-dilataciona-traka","status":"publish","type":"product","link":"https:\/\/www.studioartspot.com\/dev\/shop-fima\/proizvod\/ivicna-dilataciona-traka\/","title":{"rendered":"Ivi\u010dna Dilataciona Traka"},"content":{"rendered":"<p><iframe src=\"https:\/\/www.youtube.com\/embed\/Q67E6iICx3k\" width=\"100%\" height=\"550px\" frameborder=\"0\" allowfullscreen=\"allowfullscreen\"><\/iframe><\/p>\n<hr \/>\n<p>&nbsp;<\/p>\n","protected":false},"excerpt":{"rendered":"<p>\u0160irine 10 cm sa samolepljivim preklopom.<br \/>\nKoristi se za termoizolaciono i zvu\u010dno odvajanje ravnaju\u0107eg sloja poda ( ko\u0161uljice) od zidova objekta. Samolepljiva traka omogu\u0107ava brzu i laku ugradnju i spre\u010dava curenje cementnog mleka ispod termoizolacionog sloja. Pakovanje u jednoj rolni 100m.<\/p>\n<p>&nbsp;<\/p>\n<p>Napomena: Tro\u0161kovi isporuke mogu varirati srazmerno koli\u010dini i te\u017eini paketa.<\/p>\n","protected":false},"featured_media":4715,"template":"","meta":[],"product_brand":[],"product_cat":[67,68],"product_tag":[69,72,70],"class_list":{"0":"post-4676","1":"product","2":"type-product","3":"status-publish","4":"has-post-thumbnail","6":"product_cat-termoizolacija","7":"product_cat-podno-grejanje","8":"product_tag-podno-grejanje","9":"product_tag-stiro-flips","10":"product_tag-termoizolacija","11":"product_shipping_class-100m2","13":"first","14":"instock","15":"taxable","16":"shipping-taxable","17":"product-type-simple"},"_links":{"self":[{"href":"https:\/\/www.studioartspot.com\/dev\/shop-fima\/wp-json\/wp\/v2\/product\/4676","targetHints":{"allow":["GET"]}}],"collection":[{"href":"https:\/\/www.studioartspot.com\/dev\/shop-fima\/wp-json\/wp\/v2\/product"}],"about":[{"href":"https:\/\/www.studioartspot.com\/dev\/shop-fima\/wp-json\/wp\/v2\/types\/product"}],"wp:featuredmedia":[{"embeddable":true,"href":"https:\/\/www.studioartspot.com\/dev\/shop-fima\/wp-json\/wp\/v2\/media\/4715"}],"wp:attachment":[{"href":"https:\/\/www.studioartspot.com\/dev\/shop-fima\/wp-json\/wp\/v2\/media?parent=4676"}],"wp:term":[{"taxonomy":"product_brand","embeddable":true,"href":"https:\/\/www.studioartspot.com\/dev\/shop-fima\/wp-json\/wp\/v2\/product_brand?post=4676"},{"taxonomy":"product_cat","embeddable":true,"href":"https:\/\/www.studioartspot.com\/dev\/shop-fima\/wp-json\/wp\/v2\/product_cat?post=4676"},{"taxonomy":"product_tag","embeddable":true,"href":"https:\/\/www.studioartspot.com\/dev\/shop-fima\/wp-json\/wp\/v2\/product_tag?post=4676"}],"curies":[{"name":"wp","href":"https:\/\/api.w.org\/{rel}","templated":true}]}}