{"id":4674,"date":"2026-02-06T18:09:55","date_gmt":"2026-02-06T18:09:55","guid":{"rendered":"https:\/\/www.studioartspot.com\/dev\/shop-fima\/?post_type=product&#038;p=4674"},"modified":"2026-02-06T18:11:18","modified_gmt":"2026-02-06T18:11:18","slug":"taker-termoizolacione-ploce-za-podno-grejanje-fima-floor-2-tip-070","status":"publish","type":"product","link":"https:\/\/www.studioartspot.com\/dev\/shop-fima\/proizvod\/taker-termoizolacione-ploce-za-podno-grejanje-fima-floor-2-tip-070\/","title":{"rendered":"Taker termoizolacione plo\u010de za podno grejanje &#8211; FIMA FLOOR 2 tip: &#8211; 070"},"content":{"rendered":"<p><iframe src=\"https:\/\/www.youtube.com\/embed\/Q67E6iICx3k\" width=\"100%\" height=\"550px\" frameborder=\"0\" allowfullscreen=\"allowfullscreen\"><\/iframe><\/p>\n<hr \/>\n<p>FIMA FLOOR je savremen sistem za postavljanje podnog grejanja koji obezbe\u0111uje trajnost, energetsku efikasnost, termo i zvu\u010dnu izolaciju. Sastoji se od ekspandiranog polistirena i troslojne armirane polipropilenske folije.<br \/>\nProizvod se isporu\u010duje u rolni \u0161to omogu\u0107ava veoma brzo postavljanje (3 puta br\u017ee od sistema sa pe\u010durkama). Armirana aluminizirana troslojna PP folija obezbe\u0111uje bolje energetsko iskori\u0161\u0107enje, reflektuje toplotu koja se akumulira u ravnaju\u0107em sloju koji ravnomerno greje celu prstoriju. Na povr\u0161ini folije je od\u0161tampana mre\u017ea 50 x 50mm koja obezbe\u0111uje lak\u0161e postavljanje cevi za podno grejanje.<br \/>\nDu\u017e jedne bo\u010dne strane, na foliji se nalazi samolepljiv preklop koji obezbe\u0111uje da se plo\u010de me\u0111usobno spoje i spre\u010de prodiranje estriha ispod izolacije.<\/p>\n","protected":false},"excerpt":{"rendered":"<p>Dimenzija termoizolacije jedne razvijene rolne : 12m x 1m , pokrivna povr\u0161ina 12 m2 , debljina d= 20mm, ka\u0161irana troslojnom armiranom aluminijumskom folijom sa samolepljivim preklopom koji spre\u010dava curenje cementnog mleka ispod termoizolacionog sloja<\/p>\n<p>Cena je za m2<\/p>\n<p>Napomena: Tro\u0161kovi isporuke mogu varirati srazmerno koli\u010dini i te\u017eini paketa.<\/p>\n","protected":false},"featured_media":4550,"template":"","meta":[],"product_brand":[],"product_cat":[67,68],"product_tag":[69,72,70],"class_list":{"0":"post-4674","1":"product","2":"type-product","3":"status-publish","4":"has-post-thumbnail","6":"product_cat-termoizolacija","7":"product_cat-podno-grejanje","8":"product_tag-podno-grejanje","9":"product_tag-stiro-flips","10":"product_tag-termoizolacija","11":"product_shipping_class-100m2","13":"first","14":"instock","15":"taxable","16":"shipping-taxable","17":"purchasable","18":"product-type-simple"},"_links":{"self":[{"href":"https:\/\/www.studioartspot.com\/dev\/shop-fima\/wp-json\/wp\/v2\/product\/4674","targetHints":{"allow":["GET"]}}],"collection":[{"href":"https:\/\/www.studioartspot.com\/dev\/shop-fima\/wp-json\/wp\/v2\/product"}],"about":[{"href":"https:\/\/www.studioartspot.com\/dev\/shop-fima\/wp-json\/wp\/v2\/types\/product"}],"wp:featuredmedia":[{"embeddable":true,"href":"https:\/\/www.studioartspot.com\/dev\/shop-fima\/wp-json\/wp\/v2\/media\/4550"}],"wp:attachment":[{"href":"https:\/\/www.studioartspot.com\/dev\/shop-fima\/wp-json\/wp\/v2\/media?parent=4674"}],"wp:term":[{"taxonomy":"product_brand","embeddable":true,"href":"https:\/\/www.studioartspot.com\/dev\/shop-fima\/wp-json\/wp\/v2\/product_brand?post=4674"},{"taxonomy":"product_cat","embeddable":true,"href":"https:\/\/www.studioartspot.com\/dev\/shop-fima\/wp-json\/wp\/v2\/product_cat?post=4674"},{"taxonomy":"product_tag","embeddable":true,"href":"https:\/\/www.studioartspot.com\/dev\/shop-fima\/wp-json\/wp\/v2\/product_tag?post=4674"}],"curies":[{"name":"wp","href":"https:\/\/api.w.org\/{rel}","templated":true}]}}