{"id":4672,"date":"2026-02-06T18:09:55","date_gmt":"2026-02-06T18:09:55","guid":{"rendered":"https:\/\/www.studioartspot.com\/dev\/shop-fima\/?post_type=product&#038;p=4672"},"modified":"2026-02-20T09:02:33","modified_gmt":"2026-02-20T09:02:33","slug":"termo-kutija-za-lekove","status":"publish","type":"product","link":"https:\/\/www.studioartspot.com\/dev\/shop-fima\/proizvod\/termo-kutija-za-lekove\/","title":{"rendered":"Termo kutija za lekove"},"content":{"rendered":"<p>Kutije su proizvedene od ekpandiranog polistirena koji je jedan od najboljih termoizolatora i isporu\u010duje se sa poklopcem, upakovana u kartonsku ambala\u017eu.<br \/>\nKutija ima le\u017ei\u0161te za prste za lak\u0161u manipulaciju.<br \/>\nPoseduje izve\u0161taje o ispitivanju zdravstvene ispravnosti predmeta op\u0161te upotrebe i mogu se koristiti za skladi\u0161tenje i transport lekova. (ili prema potrebi za druge svrhe)<\/p>\n","protected":false},"excerpt":{"rendered":"<p>Dimenzije: 765 x 470 x 330mm<\/p>\n<p>Napomena: Tro\u0161kovi isporuke mogu varirati srazmerno koli\u010dini i te\u017eini paketa.<\/p>\n<p>Minimalna koli\u010dina za poru\u010divanje je 500kom.<\/p>\n<p>&nbsp;<\/p>\n","protected":false},"featured_media":4709,"template":"","meta":[],"product_brand":[],"product_cat":[77],"product_tag":[102,114,115,103,116],"class_list":{"0":"post-4672","1":"product","2":"type-product","3":"status-publish","4":"has-post-thumbnail","6":"product_cat-ambalaza","7":"product_tag-ambalaza","8":"product_tag-fima","9":"product_tag-kutija","10":"product_tag-pakovanje","11":"product_tag-stiropor","12":"product_shipping_class-66","14":"first","15":"instock","16":"taxable","17":"shipping-taxable","18":"purchasable","19":"product-type-simple"},"_links":{"self":[{"href":"https:\/\/www.studioartspot.com\/dev\/shop-fima\/wp-json\/wp\/v2\/product\/4672","targetHints":{"allow":["GET"]}}],"collection":[{"href":"https:\/\/www.studioartspot.com\/dev\/shop-fima\/wp-json\/wp\/v2\/product"}],"about":[{"href":"https:\/\/www.studioartspot.com\/dev\/shop-fima\/wp-json\/wp\/v2\/types\/product"}],"wp:featuredmedia":[{"embeddable":true,"href":"https:\/\/www.studioartspot.com\/dev\/shop-fima\/wp-json\/wp\/v2\/media\/4709"}],"wp:attachment":[{"href":"https:\/\/www.studioartspot.com\/dev\/shop-fima\/wp-json\/wp\/v2\/media?parent=4672"}],"wp:term":[{"taxonomy":"product_brand","embeddable":true,"href":"https:\/\/www.studioartspot.com\/dev\/shop-fima\/wp-json\/wp\/v2\/product_brand?post=4672"},{"taxonomy":"product_cat","embeddable":true,"href":"https:\/\/www.studioartspot.com\/dev\/shop-fima\/wp-json\/wp\/v2\/product_cat?post=4672"},{"taxonomy":"product_tag","embeddable":true,"href":"https:\/\/www.studioartspot.com\/dev\/shop-fima\/wp-json\/wp\/v2\/product_tag?post=4672"}],"curies":[{"name":"wp","href":"https:\/\/api.w.org\/{rel}","templated":true}]}}