{"id":4658,"date":"2026-02-06T18:09:54","date_gmt":"2026-02-06T18:09:54","guid":{"rendered":"https:\/\/www.studioartspot.com\/dev\/shop-fima\/?post_type=product&#038;p=4658"},"modified":"2026-02-06T18:10:29","modified_gmt":"2026-02-06T18:10:29","slug":"pobednicko-postolje","status":"publish","type":"product","link":"https:\/\/www.studioartspot.com\/dev\/shop-fima\/proizvod\/pobednicko-postolje\/","title":{"rendered":"Pobedni\u010dko postolje"},"content":{"rendered":"<p>Tri zasebna elipsoidna valjka du\u017eine 60cm i \u0161irine 50cm visina malo postolje 17cm srednje postolje 22cm , veliko postolje 32cm. Materijal: stiropor, ekoplo\u010da, ve\u0161ta\u010dka trava<\/p>\n","protected":false},"excerpt":{"rendered":"<p>Rok isporuke 15 dana od dana poru\u010divanja.<\/p>\n<p>Napomena: Tro\u0161kovi isporuke mogu varirati srazmerno koli\u010dini i te\u017eini paketa.<\/p>\n","protected":false},"featured_media":4694,"template":"","meta":[],"product_brand":[],"product_cat":[59],"product_tag":[60,106,107,108],"class_list":{"0":"post-4658","1":"product","2":"type-product","3":"status-publish","4":"has-post-thumbnail","6":"product_cat-dekoracije","7":"product_tag-dekoracije","8":"product_tag-pobednik","9":"product_tag-postolje","10":"product_tag-tron","11":"product_shipping_class-10000din","13":"first","14":"instock","15":"taxable","16":"shipping-taxable","17":"purchasable","18":"product-type-simple"},"_links":{"self":[{"href":"https:\/\/www.studioartspot.com\/dev\/shop-fima\/wp-json\/wp\/v2\/product\/4658","targetHints":{"allow":["GET"]}}],"collection":[{"href":"https:\/\/www.studioartspot.com\/dev\/shop-fima\/wp-json\/wp\/v2\/product"}],"about":[{"href":"https:\/\/www.studioartspot.com\/dev\/shop-fima\/wp-json\/wp\/v2\/types\/product"}],"wp:featuredmedia":[{"embeddable":true,"href":"https:\/\/www.studioartspot.com\/dev\/shop-fima\/wp-json\/wp\/v2\/media\/4694"}],"wp:attachment":[{"href":"https:\/\/www.studioartspot.com\/dev\/shop-fima\/wp-json\/wp\/v2\/media?parent=4658"}],"wp:term":[{"taxonomy":"product_brand","embeddable":true,"href":"https:\/\/www.studioartspot.com\/dev\/shop-fima\/wp-json\/wp\/v2\/product_brand?post=4658"},{"taxonomy":"product_cat","embeddable":true,"href":"https:\/\/www.studioartspot.com\/dev\/shop-fima\/wp-json\/wp\/v2\/product_cat?post=4658"},{"taxonomy":"product_tag","embeddable":true,"href":"https:\/\/www.studioartspot.com\/dev\/shop-fima\/wp-json\/wp\/v2\/product_tag?post=4658"}],"curies":[{"name":"wp","href":"https:\/\/api.w.org\/{rel}","templated":true}]}}