{"id":4657,"date":"2026-02-06T18:09:54","date_gmt":"2026-02-06T18:09:54","guid":{"rendered":"https:\/\/www.studioartspot.com\/dev\/shop-fima\/?post_type=product&#038;p=4657"},"modified":"2026-02-06T18:10:20","modified_gmt":"2026-02-06T18:10:20","slug":"pakovanje-za-flase-pljosnate","status":"publish","type":"product","link":"https:\/\/www.studioartspot.com\/dev\/shop-fima\/proizvod\/pakovanje-za-flase-pljosnate\/","title":{"rendered":"Pakovanje za fla\u0161e-pljosnate"},"content":{"rendered":"<p>Pakovanje za litarske pljosnate fla\u0161e od ekspandiranog polistirena omogu\u0107ava bezbedan transport staklenih fla\u0161a.<br \/>\nSpoljne dimenzije pakovanja: 330x160x115mm<br \/>\nSistem pakovanja je dizajniran tako da se uz stiropor mora koristiti obavezno i stre\u010d folija, na taj na\u010din ovaj sistem pakovanja pru\u017ea maksimalnu za\u0161titu Va\u0161em proizvodu. Uputstvo za pakovanje mo\u017eete videti u video prilogu proizvoda.<\/p>\n<p>Za ve\u0107e porud\u017ebine mogu\u0107e je prilagoditi pakovanje Va\u0161oj staklenoj ambala\u017ei.<\/p>\n<div class=\"video-shortcode\"><iframe title=\"EPS PACKAGING design  test #ambala\u017ea #pakovanje #za\u0161titaproizvoda #termopakovanje #termokutija\" width=\"1375\" height=\"773\" src=\"https:\/\/www.youtube.com\/embed\/8PRFzzhYFWk?feature=oembed\" frameborder=\"0\" allow=\"accelerometer; autoplay; clipboard-write; encrypted-media; gyroscope; picture-in-picture; web-share\" referrerpolicy=\"strict-origin-when-cross-origin\" allowfullscreen><\/iframe><\/div>\n","protected":false},"excerpt":{"rendered":"<p>Napomena: Tro\u0161kovi isporuke mogu varirati srazmerno koli\u010dini i te\u017eini paketa.<\/p>\n","protected":false},"featured_media":4689,"template":"","meta":[],"product_brand":[],"product_cat":[77],"product_tag":[102,105,103],"class_list":{"0":"post-4657","1":"product","2":"type-product","3":"status-publish","4":"has-post-thumbnail","6":"product_cat-ambalaza","7":"product_tag-ambalaza","8":"product_tag-flasa","9":"product_tag-pakovanje","10":"product_shipping_class-66","12":"first","13":"instock","14":"taxable","15":"shipping-taxable","16":"purchasable","17":"product-type-simple"},"_links":{"self":[{"href":"https:\/\/www.studioartspot.com\/dev\/shop-fima\/wp-json\/wp\/v2\/product\/4657","targetHints":{"allow":["GET"]}}],"collection":[{"href":"https:\/\/www.studioartspot.com\/dev\/shop-fima\/wp-json\/wp\/v2\/product"}],"about":[{"href":"https:\/\/www.studioartspot.com\/dev\/shop-fima\/wp-json\/wp\/v2\/types\/product"}],"wp:featuredmedia":[{"embeddable":true,"href":"https:\/\/www.studioartspot.com\/dev\/shop-fima\/wp-json\/wp\/v2\/media\/4689"}],"wp:attachment":[{"href":"https:\/\/www.studioartspot.com\/dev\/shop-fima\/wp-json\/wp\/v2\/media?parent=4657"}],"wp:term":[{"taxonomy":"product_brand","embeddable":true,"href":"https:\/\/www.studioartspot.com\/dev\/shop-fima\/wp-json\/wp\/v2\/product_brand?post=4657"},{"taxonomy":"product_cat","embeddable":true,"href":"https:\/\/www.studioartspot.com\/dev\/shop-fima\/wp-json\/wp\/v2\/product_cat?post=4657"},{"taxonomy":"product_tag","embeddable":true,"href":"https:\/\/www.studioartspot.com\/dev\/shop-fima\/wp-json\/wp\/v2\/product_tag?post=4657"}],"curies":[{"name":"wp","href":"https:\/\/api.w.org\/{rel}","templated":true}]}}