{"id":4546,"date":"2026-02-06T18:08:03","date_gmt":"2026-02-06T18:08:03","guid":{"rendered":"https:\/\/www.studioartspot.com\/dev\/shop-fima\/?post_type=product&#038;p=4546"},"modified":"2026-03-02T20:52:11","modified_gmt":"2026-03-02T20:52:11","slug":"mobilna-vertikalna-basta-004","status":"publish","type":"product","link":"https:\/\/www.studioartspot.com\/dev\/shop-fima\/proizvod\/mobilna-vertikalna-basta-004\/","title":{"rendered":"Mobilna vertikalna ba\u0161ta 004"},"content":{"rendered":"<p><iframe src=\"https:\/\/www.youtube.com\/embed\/8UBMrmnKLWU\" width=\"100%\" height=\"550px\" frameborder=\"0\" allowfullscreen=\"allowfullscreen\"><\/iframe><\/p>\n<p>Mobilna vertikalna ba\u0161ta \u0107e Vam omogu\u0107iti da u svom stanu, terasi, dvori\u0161tu tokom cele godine na dohvat ruke imate sve\u017ee vo\u0107e i povr\u0107e.<br \/>\nSastoji se od polipropilenskog dr\u017ea\u010da i \u010detiri stiroporne saksije koje omogu\u0107avaju 16 mesta za sadnju. U mobilnim vertikalnim ba\u0161tama se mogu uzgajati lekovito i aromati\u010dno bilje, odre\u0111ene vrste vo\u0107a i povr\u0107a, ukrasno bilje.<\/p>\n","protected":false},"excerpt":{"rendered":"<p>Dimenzije: 220 x 220 x 200mm<\/p>\n<p>Napomena: Tro\u0161kovi isporuke mogu varirati srazmerno koli\u010dini i te\u017eini paketa.<\/p>\n","protected":false},"featured_media":4629,"template":"","meta":[],"product_brand":[],"product_cat":[78],"product_tag":[],"class_list":{"0":"post-4546","1":"product","2":"type-product","3":"status-publish","4":"has-post-thumbnail","6":"product_cat-poljoprivreda","7":"product_shipping_class-kontejneri_saksije","9":"first","10":"instock","11":"taxable","12":"shipping-taxable","13":"purchasable","14":"product-type-simple"},"_links":{"self":[{"href":"https:\/\/www.studioartspot.com\/dev\/shop-fima\/wp-json\/wp\/v2\/product\/4546","targetHints":{"allow":["GET"]}}],"collection":[{"href":"https:\/\/www.studioartspot.com\/dev\/shop-fima\/wp-json\/wp\/v2\/product"}],"about":[{"href":"https:\/\/www.studioartspot.com\/dev\/shop-fima\/wp-json\/wp\/v2\/types\/product"}],"wp:featuredmedia":[{"embeddable":true,"href":"https:\/\/www.studioartspot.com\/dev\/shop-fima\/wp-json\/wp\/v2\/media\/4629"}],"wp:attachment":[{"href":"https:\/\/www.studioartspot.com\/dev\/shop-fima\/wp-json\/wp\/v2\/media?parent=4546"}],"wp:term":[{"taxonomy":"product_brand","embeddable":true,"href":"https:\/\/www.studioartspot.com\/dev\/shop-fima\/wp-json\/wp\/v2\/product_brand?post=4546"},{"taxonomy":"product_cat","embeddable":true,"href":"https:\/\/www.studioartspot.com\/dev\/shop-fima\/wp-json\/wp\/v2\/product_cat?post=4546"},{"taxonomy":"product_tag","embeddable":true,"href":"https:\/\/www.studioartspot.com\/dev\/shop-fima\/wp-json\/wp\/v2\/product_tag?post=4546"}],"curies":[{"name":"wp","href":"https:\/\/api.w.org\/{rel}","templated":true}]}}