{"id":4545,"date":"2026-02-06T18:08:03","date_gmt":"2026-02-06T18:08:03","guid":{"rendered":"https:\/\/www.studioartspot.com\/dev\/shop-fima\/?post_type=product&#038;p=4545"},"modified":"2026-03-02T20:51:49","modified_gmt":"2026-03-02T20:51:49","slug":"eps-saksija-za-vertikalni-uzgoj-jagoda","status":"publish","type":"product","link":"https:\/\/www.studioartspot.com\/dev\/shop-fima\/proizvod\/eps-saksija-za-vertikalni-uzgoj-jagoda\/","title":{"rendered":"EPS saksija za vertikalni uzgoj jagoda"},"content":{"rendered":"<p>EPS saksija za vertikalni uzgoj jagoda omogu\u0107ava savremen na\u010din uzgoja uz zna\u010dajne u\u0161tede po pitanju prostora, vode, \u0111ubriva i sredstava za za\u0161titu bilja.<br \/>\nSaksije se mogu koristiti kako u plastenicima za obimnu proizvodnju tako i u urbanim sredinama jer uz malo prostora re\u0111enjem jednu na drugu,mogu obezbediti sve\u017ee jagode, aromati\u010dno i lekoviti bilje. Po jednoj saksiji se obezbe\u0111uje \u010detiri sadna mesta.<\/p>\n<p><iframe src=\"https:\/\/www.youtube.com\/embed\/8UBMrmnKLWU\" width=\"100%\" height=\"550px\" frameborder=\"0\" allowfullscreen=\"allowfullscreen\"><\/iframe><\/p>\n","protected":false},"excerpt":{"rendered":"<p>Dimenzije: 220 x 220 x 200mm<\/p>\n<p>&nbsp;<\/p>\n<p>Napomena: Tro\u0161kovi isporuke mogu varirati srazmerno koli\u010dini i te\u017eini paketa.<\/p>\n","protected":false},"featured_media":4627,"template":"","meta":[],"product_brand":[],"product_cat":[78],"product_tag":[90,91,92],"class_list":{"0":"post-4545","1":"product","2":"type-product","3":"status-publish","4":"has-post-thumbnail","6":"product_cat-poljoprivreda","7":"product_tag-cvece","8":"product_tag-jagoda","9":"product_tag-saksija","10":"product_shipping_class-kontejneri_saksije","12":"first","13":"instock","14":"taxable","15":"shipping-taxable","16":"purchasable","17":"product-type-simple"},"_links":{"self":[{"href":"https:\/\/www.studioartspot.com\/dev\/shop-fima\/wp-json\/wp\/v2\/product\/4545","targetHints":{"allow":["GET"]}}],"collection":[{"href":"https:\/\/www.studioartspot.com\/dev\/shop-fima\/wp-json\/wp\/v2\/product"}],"about":[{"href":"https:\/\/www.studioartspot.com\/dev\/shop-fima\/wp-json\/wp\/v2\/types\/product"}],"wp:featuredmedia":[{"embeddable":true,"href":"https:\/\/www.studioartspot.com\/dev\/shop-fima\/wp-json\/wp\/v2\/media\/4627"}],"wp:attachment":[{"href":"https:\/\/www.studioartspot.com\/dev\/shop-fima\/wp-json\/wp\/v2\/media?parent=4545"}],"wp:term":[{"taxonomy":"product_brand","embeddable":true,"href":"https:\/\/www.studioartspot.com\/dev\/shop-fima\/wp-json\/wp\/v2\/product_brand?post=4545"},{"taxonomy":"product_cat","embeddable":true,"href":"https:\/\/www.studioartspot.com\/dev\/shop-fima\/wp-json\/wp\/v2\/product_cat?post=4545"},{"taxonomy":"product_tag","embeddable":true,"href":"https:\/\/www.studioartspot.com\/dev\/shop-fima\/wp-json\/wp\/v2\/product_tag?post=4545"}],"curies":[{"name":"wp","href":"https:\/\/api.w.org\/{rel}","templated":true}]}}