{"id":4514,"date":"2026-02-06T18:07:33","date_gmt":"2026-02-06T18:07:33","guid":{"rendered":"https:\/\/www.studioartspot.com\/dev\/shop-fima\/?post_type=product&#038;p=4514"},"modified":"2026-02-06T18:08:52","modified_gmt":"2026-02-06T18:08:52","slug":"ispuna-za-lazy-bag","status":"publish","type":"product","link":"https:\/\/www.studioartspot.com\/dev\/shop-fima\/proizvod\/ispuna-za-lazy-bag\/","title":{"rendered":"Ispuna za Lazy Bag"},"content":{"rendered":"<p>Kuglice ekpsandiranog polistirena za punjenje Lasy Bag-ova i taburi\u0107a.<br \/>\nPakovanje od 1kg.<\/p>\n","protected":false},"excerpt":{"rendered":"<p>Napomena: Tro\u0161kovi isporuke mogu varirati srazmerno koli\u010dini i te\u017eini paketa.<\/p>\n","protected":false},"featured_media":4601,"template":"","meta":[],"product_brand":[],"product_cat":[77,62],"product_tag":[],"class_list":{"0":"post-4514","1":"product","2":"type-product","3":"status-publish","4":"has-post-thumbnail","6":"product_cat-ambalaza","7":"product_cat-namestaj","8":"product_shipping_class-3kom","10":"first","11":"instock","12":"taxable","13":"shipping-taxable","14":"purchasable","15":"product-type-simple"},"_links":{"self":[{"href":"https:\/\/www.studioartspot.com\/dev\/shop-fima\/wp-json\/wp\/v2\/product\/4514","targetHints":{"allow":["GET"]}}],"collection":[{"href":"https:\/\/www.studioartspot.com\/dev\/shop-fima\/wp-json\/wp\/v2\/product"}],"about":[{"href":"https:\/\/www.studioartspot.com\/dev\/shop-fima\/wp-json\/wp\/v2\/types\/product"}],"wp:featuredmedia":[{"embeddable":true,"href":"https:\/\/www.studioartspot.com\/dev\/shop-fima\/wp-json\/wp\/v2\/media\/4601"}],"wp:attachment":[{"href":"https:\/\/www.studioartspot.com\/dev\/shop-fima\/wp-json\/wp\/v2\/media?parent=4514"}],"wp:term":[{"taxonomy":"product_brand","embeddable":true,"href":"https:\/\/www.studioartspot.com\/dev\/shop-fima\/wp-json\/wp\/v2\/product_brand?post=4514"},{"taxonomy":"product_cat","embeddable":true,"href":"https:\/\/www.studioartspot.com\/dev\/shop-fima\/wp-json\/wp\/v2\/product_cat?post=4514"},{"taxonomy":"product_tag","embeddable":true,"href":"https:\/\/www.studioartspot.com\/dev\/shop-fima\/wp-json\/wp\/v2\/product_tag?post=4514"}],"curies":[{"name":"wp","href":"https:\/\/api.w.org\/{rel}","templated":true}]}}