{"id":4511,"date":"2026-02-06T18:07:33","date_gmt":"2026-02-06T18:07:33","guid":{"rendered":"https:\/\/www.studioartspot.com\/dev\/shop-fima\/?post_type=product&#038;p=4511"},"modified":"2026-02-06T18:08:41","modified_gmt":"2026-02-06T18:08:41","slug":"eps-ispuna-za-transport","status":"publish","type":"product","link":"https:\/\/www.studioartspot.com\/dev\/shop-fima\/proizvod\/eps-ispuna-za-transport\/","title":{"rendered":"EPS ispuna za transport"},"content":{"rendered":"<p>Komadi\u0107i ekspandiranog polistirena za ispunu praznog prostora u transportnim pakovanjima. Smanjuju mogu\u0107nost o\u0161te\u0107enja predmeta pri transportu.<br \/>\nCena se odnosi na 0.05m3 ispune.<\/p>\n","protected":false},"excerpt":{"rendered":"<p>Besplatna isporuka.<\/p>\n","protected":false},"featured_media":4583,"template":"","meta":[],"product_brand":[],"product_cat":[77],"product_tag":[],"class_list":{"0":"post-4511","1":"product","2":"type-product","3":"status-publish","4":"has-post-thumbnail","6":"product_cat-ambalaza","7":"product_shipping_class-66","9":"first","10":"instock","11":"taxable","12":"shipping-taxable","13":"purchasable","14":"product-type-simple"},"_links":{"self":[{"href":"https:\/\/www.studioartspot.com\/dev\/shop-fima\/wp-json\/wp\/v2\/product\/4511","targetHints":{"allow":["GET"]}}],"collection":[{"href":"https:\/\/www.studioartspot.com\/dev\/shop-fima\/wp-json\/wp\/v2\/product"}],"about":[{"href":"https:\/\/www.studioartspot.com\/dev\/shop-fima\/wp-json\/wp\/v2\/types\/product"}],"wp:featuredmedia":[{"embeddable":true,"href":"https:\/\/www.studioartspot.com\/dev\/shop-fima\/wp-json\/wp\/v2\/media\/4583"}],"wp:attachment":[{"href":"https:\/\/www.studioartspot.com\/dev\/shop-fima\/wp-json\/wp\/v2\/media?parent=4511"}],"wp:term":[{"taxonomy":"product_brand","embeddable":true,"href":"https:\/\/www.studioartspot.com\/dev\/shop-fima\/wp-json\/wp\/v2\/product_brand?post=4511"},{"taxonomy":"product_cat","embeddable":true,"href":"https:\/\/www.studioartspot.com\/dev\/shop-fima\/wp-json\/wp\/v2\/product_cat?post=4511"},{"taxonomy":"product_tag","embeddable":true,"href":"https:\/\/www.studioartspot.com\/dev\/shop-fima\/wp-json\/wp\/v2\/product_tag?post=4511"}],"curies":[{"name":"wp","href":"https:\/\/api.w.org\/{rel}","templated":true}]}}