{"id":4509,"date":"2026-02-06T18:07:33","date_gmt":"2026-02-06T18:07:33","guid":{"rendered":"https:\/\/www.studioartspot.com\/dev\/shop-fima\/?post_type=product&#038;p=4509"},"modified":"2026-03-02T20:46:16","modified_gmt":"2026-03-02T20:46:16","slug":"termo-kutija-tip-006","status":"publish","type":"product","link":"https:\/\/www.studioartspot.com\/dev\/shop-fima\/proizvod\/termo-kutija-tip-006\/","title":{"rendered":"Termo kutija tip 006"},"content":{"rendered":"<p>Kutije su proizvedene od ekpandiranog polistirena koji je jedan od najboljih termoizolatora i isporu\u010duje se bez poklopca.<br \/>\nKutija ima le\u017ei\u0161te za prste za lak\u0161u manipulaciju kao i drena\u017ene otvore koji se na zahtev mogu zatvoriti.<br \/>\nPoseduje izve\u0161taje o ispitivanju zdravstvene ispravnosti predmeta op\u0161te upotrebe i mogu se koristiti za skladi\u0161tenje i transport hrane kao i osetljivih i lako lomljivih predmeta.<\/p>\n","protected":false},"excerpt":{"rendered":"<p>Dimenzije: 500 x 310 x 123mm<\/p>\n<p>&nbsp;<\/p>\n<p>Napomena: Tro\u0161kovi isporuke mogu varirati srazmerno koli\u010dini i te\u017eini paketa.<\/p>\n<p>BESPLATNA ISPORUKA ZA PAKETE OD 72, 144, 216&#8230; komada<\/p>\n","protected":false},"featured_media":4578,"template":"","meta":[],"product_brand":[],"product_cat":[77],"product_tag":[],"class_list":{"0":"post-4509","1":"product","2":"type-product","3":"status-publish","4":"has-post-thumbnail","6":"product_cat-ambalaza","7":"product_shipping_class-kutije_006","9":"first","10":"instock","11":"taxable","12":"shipping-taxable","13":"purchasable","14":"product-type-simple"},"_links":{"self":[{"href":"https:\/\/www.studioartspot.com\/dev\/shop-fima\/wp-json\/wp\/v2\/product\/4509","targetHints":{"allow":["GET"]}}],"collection":[{"href":"https:\/\/www.studioartspot.com\/dev\/shop-fima\/wp-json\/wp\/v2\/product"}],"about":[{"href":"https:\/\/www.studioartspot.com\/dev\/shop-fima\/wp-json\/wp\/v2\/types\/product"}],"wp:featuredmedia":[{"embeddable":true,"href":"https:\/\/www.studioartspot.com\/dev\/shop-fima\/wp-json\/wp\/v2\/media\/4578"}],"wp:attachment":[{"href":"https:\/\/www.studioartspot.com\/dev\/shop-fima\/wp-json\/wp\/v2\/media?parent=4509"}],"wp:term":[{"taxonomy":"product_brand","embeddable":true,"href":"https:\/\/www.studioartspot.com\/dev\/shop-fima\/wp-json\/wp\/v2\/product_brand?post=4509"},{"taxonomy":"product_cat","embeddable":true,"href":"https:\/\/www.studioartspot.com\/dev\/shop-fima\/wp-json\/wp\/v2\/product_cat?post=4509"},{"taxonomy":"product_tag","embeddable":true,"href":"https:\/\/www.studioartspot.com\/dev\/shop-fima\/wp-json\/wp\/v2\/product_tag?post=4509"}],"curies":[{"name":"wp","href":"https:\/\/api.w.org\/{rel}","templated":true}]}}