{"id":4502,"date":"2026-02-06T18:07:33","date_gmt":"2026-02-06T18:07:33","guid":{"rendered":"https:\/\/www.studioartspot.com\/dev\/shop-fima\/?post_type=product&#038;p=4502"},"modified":"2026-02-06T18:08:22","modified_gmt":"2026-02-06T18:08:22","slug":"armirana-aluminijumska-troslojna-folija-za-podno-grejanje","status":"publish","type":"product","link":"https:\/\/www.studioartspot.com\/dev\/shop-fima\/proizvod\/armirana-aluminijumska-troslojna-folija-za-podno-grejanje\/","title":{"rendered":"Armirana aluminijumska troslojna folija za podno grejanje"},"content":{"rendered":"<p>FIMA sistem folja za podno grajanje je troslojna aluminizirana armirana polipropilenska (PP) folija koja se koristi pri postavljanju podnog grejanja. Aluminijumski sloj omogu\u0107ava refleksiju toplotne energije i smanjuje gubitke. Na povr\u0161inskom sloju je od\u0161tampana mre\u017ea 50 x 50 mm radi lak\u0161e ugradnje cevi.<\/p>\n","protected":false},"excerpt":{"rendered":"<p>Dimenzije: 1030 x 1000 mm<\/p>\n<p>Napomena: Tro\u0161kovi isporuke mogu varirati srazmerno koli\u010dini i te\u017eini paketa.<\/p>\n","protected":false},"featured_media":4561,"template":"","meta":[],"product_brand":[],"product_cat":[67,68],"product_tag":[69,72,70],"class_list":{"0":"post-4502","1":"product","2":"type-product","3":"status-publish","4":"has-post-thumbnail","6":"product_cat-termoizolacija","7":"product_cat-podno-grejanje","8":"product_tag-podno-grejanje","9":"product_tag-stiro-flips","10":"product_tag-termoizolacija","11":"product_shipping_class-100m2","13":"first","14":"instock","15":"taxable","16":"shipping-taxable","17":"purchasable","18":"product-type-simple"},"_links":{"self":[{"href":"https:\/\/www.studioartspot.com\/dev\/shop-fima\/wp-json\/wp\/v2\/product\/4502","targetHints":{"allow":["GET"]}}],"collection":[{"href":"https:\/\/www.studioartspot.com\/dev\/shop-fima\/wp-json\/wp\/v2\/product"}],"about":[{"href":"https:\/\/www.studioartspot.com\/dev\/shop-fima\/wp-json\/wp\/v2\/types\/product"}],"wp:featuredmedia":[{"embeddable":true,"href":"https:\/\/www.studioartspot.com\/dev\/shop-fima\/wp-json\/wp\/v2\/media\/4561"}],"wp:attachment":[{"href":"https:\/\/www.studioartspot.com\/dev\/shop-fima\/wp-json\/wp\/v2\/media?parent=4502"}],"wp:term":[{"taxonomy":"product_brand","embeddable":true,"href":"https:\/\/www.studioartspot.com\/dev\/shop-fima\/wp-json\/wp\/v2\/product_brand?post=4502"},{"taxonomy":"product_cat","embeddable":true,"href":"https:\/\/www.studioartspot.com\/dev\/shop-fima\/wp-json\/wp\/v2\/product_cat?post=4502"},{"taxonomy":"product_tag","embeddable":true,"href":"https:\/\/www.studioartspot.com\/dev\/shop-fima\/wp-json\/wp\/v2\/product_tag?post=4502"}],"curies":[{"name":"wp","href":"https:\/\/api.w.org\/{rel}","templated":true}]}}