{"id":4500,"date":"2026-02-06T18:07:32","date_gmt":"2026-02-06T18:07:32","guid":{"rendered":"https:\/\/www.studioartspot.com\/dev\/shop-fima\/?post_type=product&#038;p=4500"},"modified":"2026-02-06T18:08:17","modified_gmt":"2026-02-06T18:08:17","slug":"klipse-35","status":"publish","type":"product","link":"https:\/\/www.studioartspot.com\/dev\/shop-fima\/proizvod\/klipse-35\/","title":{"rendered":"KLIPSE 35"},"content":{"rendered":"<p>Koriste se u Tacker pi\u0161toljima za pozicioniranje cevi pri postavljanju podnog grejanja. Mogu se koristiti za cevi pre\u010dnika od 16mm do 20mm.<br \/>\nProdaju se na komad, u paketu je 1015 kom.<\/p>\n","protected":false},"excerpt":{"rendered":"<p>Dimenzija: du\u017eina 30mm<br \/>\n<strong>Cena se odnosi po komadu<\/strong><\/p>\n<p>&nbsp;<\/p>\n<p>Napomena: Tro\u0161kovi isporuke mogu varirati srazmerno koli\u010dini i te\u017eini paketa.<\/p>\n","protected":false},"featured_media":4557,"template":"","meta":[],"product_brand":[],"product_cat":[67,68],"product_tag":[69,72,70],"class_list":{"0":"post-4500","1":"product","2":"type-product","3":"status-publish","4":"has-post-thumbnail","6":"product_cat-termoizolacija","7":"product_cat-podno-grejanje","8":"product_tag-podno-grejanje","9":"product_tag-stiro-flips","10":"product_tag-termoizolacija","12":"first","13":"instock","14":"taxable","15":"shipping-taxable","16":"purchasable","17":"product-type-simple"},"_links":{"self":[{"href":"https:\/\/www.studioartspot.com\/dev\/shop-fima\/wp-json\/wp\/v2\/product\/4500","targetHints":{"allow":["GET"]}}],"collection":[{"href":"https:\/\/www.studioartspot.com\/dev\/shop-fima\/wp-json\/wp\/v2\/product"}],"about":[{"href":"https:\/\/www.studioartspot.com\/dev\/shop-fima\/wp-json\/wp\/v2\/types\/product"}],"wp:featuredmedia":[{"embeddable":true,"href":"https:\/\/www.studioartspot.com\/dev\/shop-fima\/wp-json\/wp\/v2\/media\/4557"}],"wp:attachment":[{"href":"https:\/\/www.studioartspot.com\/dev\/shop-fima\/wp-json\/wp\/v2\/media?parent=4500"}],"wp:term":[{"taxonomy":"product_brand","embeddable":true,"href":"https:\/\/www.studioartspot.com\/dev\/shop-fima\/wp-json\/wp\/v2\/product_brand?post=4500"},{"taxonomy":"product_cat","embeddable":true,"href":"https:\/\/www.studioartspot.com\/dev\/shop-fima\/wp-json\/wp\/v2\/product_cat?post=4500"},{"taxonomy":"product_tag","embeddable":true,"href":"https:\/\/www.studioartspot.com\/dev\/shop-fima\/wp-json\/wp\/v2\/product_tag?post=4500"}],"curies":[{"name":"wp","href":"https:\/\/api.w.org\/{rel}","templated":true}]}}