{"id":4499,"date":"2026-02-06T18:07:32","date_gmt":"2026-02-06T18:07:32","guid":{"rendered":"https:\/\/www.studioartspot.com\/dev\/shop-fima\/?post_type=product&#038;p=4499"},"modified":"2026-02-20T19:30:48","modified_gmt":"2026-02-20T19:30:48","slug":"epsilent-plus","status":"publish","type":"product","link":"https:\/\/www.studioartspot.com\/dev\/shop-fima\/proizvod\/epsilent-plus\/","title":{"rendered":"EPSilent PLUS"},"content":{"rendered":"<p>EPSilent PLUS je proizvod sastavljen od ekspandiranog polistirena (EPS), ekspandiranog polietilena (EPE) i troslojne folije za podno grejanje. Proizvod se koristi kako za termo tako i za zvu\u010dnu izolaciju podova. Postavlja se ispod podnih ko\u0161uljica (estrihta) kao termo i zvu\u010dna izolacija, pri postavljanju podnog grejanja kao i direktno ispod laminata.<br \/>\nProizvod se isporu\u010duje u rolni od 24m2.<\/p>\n","protected":false},"excerpt":{"rendered":"<p>Dimenzije: 23 x 1.03m, debljina 12mm<\/p>\n<p>Napomena: Tro\u0161kovi isporuke mogu varirati srazmerno koli\u010dini i te\u017eini paketa.<\/p>\n[fusion_button link=\"https:\/\/www.studioartspot.com\/dev\/shop-fima\/wp-content\/uploads\/2026\/02\/fima-EPSilent-letak.pdf\" enable_hover_text_icon=\"no\" hover_text=\"\" title=\"\" target=\"_blank\" link_attributes=\"\" aria_role_button=\"0\" alignment_medium=\"\" alignment_small=\"\" alignment=\"\" modal=\"\" hide_on_mobile=\"small-visibility,medium-visibility,large-visibility\" sticky_display=\"normal,sticky\" class=\"\" id=\"\" html_attributes=\"W10=\" color=\"default\" button_gradient_top_color_hover=\"\" hue=\"\" saturation=\"\" lightness=\"\" alpha=\"\" button_gradient_top_color=\"\" button_gradient_bottom_color_hover=\"\" button_gradient_bottom_color=\"\" gradient_start_position=\"\" gradient_end_position=\"\" gradient_type=\"\" radial_direction=\"\" linear_angle=\"\" accent_hover_color=\"\" accent_color=\"\" type=\"\" bevel_color=\"\" bevel_color_hover=\"\" border_top=\"\" border_right=\"\" border_bottom=\"\" border_left=\"\" border_radius_top_left=\"15px\" border_radius_top_right=\"15px\" border_radius_bottom_right=\"15px\" border_radius_bottom_left=\"15px\" border_hover_color=\"\" border_color=\"\" size=\"small\" padding_top=\"\" padding_right=\"\" padding_bottom=\"\" padding_left=\"\" fusion_font_family_button_font=\"\" fusion_font_variant_button_font=\"\" font_size=\"\" line_height=\"\" letter_spacing=\"\" text_transform=\"\" stretch=\"default\" margin_top=\"\" margin_right=\"\" margin_bottom=\"\" margin_left=\"\" icon=\"\" hover_icon=\"\" icon_position=\"left\" icon_divider=\"no\" hover_transition=\"none\" render_logics=\"\" animation_type=\"\" animation_direction=\"left\" animation_color=\"\" animation_speed=\"0.3\" animation_delay=\"0\" animation_offset=\"\"]PREUZMITE PROSPEKT (PDF)[\/fusion_button]\n","protected":false},"featured_media":4552,"template":"","meta":[],"product_brand":[],"product_cat":[67,73],"product_tag":[69,72,70],"class_list":{"0":"post-4499","1":"product","2":"type-product","3":"status-publish","4":"has-post-thumbnail","6":"product_cat-termoizolacija","7":"product_cat-komplet-fasada","8":"product_tag-podno-grejanje","9":"product_tag-stiro-flips","10":"product_tag-termoizolacija","11":"product_shipping_class-100m2","13":"first","14":"instock","15":"taxable","16":"shipping-taxable","17":"purchasable","18":"product-type-simple"},"_links":{"self":[{"href":"https:\/\/www.studioartspot.com\/dev\/shop-fima\/wp-json\/wp\/v2\/product\/4499","targetHints":{"allow":["GET"]}}],"collection":[{"href":"https:\/\/www.studioartspot.com\/dev\/shop-fima\/wp-json\/wp\/v2\/product"}],"about":[{"href":"https:\/\/www.studioartspot.com\/dev\/shop-fima\/wp-json\/wp\/v2\/types\/product"}],"wp:featuredmedia":[{"embeddable":true,"href":"https:\/\/www.studioartspot.com\/dev\/shop-fima\/wp-json\/wp\/v2\/media\/4552"}],"wp:attachment":[{"href":"https:\/\/www.studioartspot.com\/dev\/shop-fima\/wp-json\/wp\/v2\/media?parent=4499"}],"wp:term":[{"taxonomy":"product_brand","embeddable":true,"href":"https:\/\/www.studioartspot.com\/dev\/shop-fima\/wp-json\/wp\/v2\/product_brand?post=4499"},{"taxonomy":"product_cat","embeddable":true,"href":"https:\/\/www.studioartspot.com\/dev\/shop-fima\/wp-json\/wp\/v2\/product_cat?post=4499"},{"taxonomy":"product_tag","embeddable":true,"href":"https:\/\/www.studioartspot.com\/dev\/shop-fima\/wp-json\/wp\/v2\/product_tag?post=4499"}],"curies":[{"name":"wp","href":"https:\/\/api.w.org\/{rel}","templated":true}]}}